{"id":104,"date":"2020-05-02T10:10:32","date_gmt":"2020-05-02T10:10:32","guid":{"rendered":"https:\/\/ms-manufacturing-solutions.de\/?page_id=104"},"modified":"2020-05-04T06:45:31","modified_gmt":"2020-05-04T06:45:31","slug":"projektmanagement","status":"publish","type":"page","link":"https:\/\/ms-manufacturing-solutions.de\/?page_id=104","title":{"rendered":"Qualit\u00e4tsmanagement"},"content":{"rendered":"\t\t<div data-elementor-type=\"wp-page\" data-elementor-id=\"104\" class=\"elementor elementor-104\">\n\t\t\t\t\t\t<section class=\"elementor-section elementor-top-section elementor-element elementor-element-eab9dd0 elementor-section-boxed elementor-section-height-default elementor-section-height-default\" data-id=\"eab9dd0\" data-element_type=\"section\" data-e-type=\"section\">\n\t\t\t\t\t\t<div class=\"elementor-container elementor-column-gap-default\">\n\t\t\t\t\t<div class=\"elementor-column elementor-col-100 elementor-top-column elementor-element elementor-element-8c7da93\" data-id=\"8c7da93\" data-element_type=\"column\" data-e-type=\"column\">\n\t\t\t<div class=\"elementor-widget-wrap elementor-element-populated\">\n\t\t\t\t\t\t<section class=\"elementor-section elementor-inner-section elementor-element elementor-element-8d29d0e elementor-section-boxed elementor-section-height-default elementor-section-height-default\" data-id=\"8d29d0e\" data-element_type=\"section\" data-e-type=\"section\">\n\t\t\t\t\t\t<div class=\"elementor-container elementor-column-gap-default\">\n\t\t\t\t\t<div class=\"elementor-column elementor-col-50 elementor-inner-column elementor-element elementor-element-f5dc177\" data-id=\"f5dc177\" data-element_type=\"column\" data-e-type=\"column\">\n\t\t\t<div class=\"elementor-widget-wrap elementor-element-populated\">\n\t\t\t\t\t\t<div class=\"elementor-element elementor-element-a03c295 elementor-widget elementor-widget-image\" data-id=\"a03c295\" data-element_type=\"widget\" data-e-type=\"widget\" data-widget_type=\"image.default\">\n\t\t\t\t<div class=\"elementor-widget-container\">\n\t\t\t\t\t\t\t\t\t\t\t\t<figure class=\"wp-caption\">\n\t\t\t\t\t\t\t\t\t\t<img fetchpriority=\"high\" decoding=\"async\" width=\"640\" height=\"431\" src=\"https:\/\/ms-manufacturing-solutions.de\/wp-content\/uploads\/2020\/05\/qualification-692087_1920_a_cr.jpg\" class=\"attachment-large size-large wp-image-96\" alt=\"\" srcset=\"https:\/\/ms-manufacturing-solutions.de\/wp-content\/uploads\/2020\/05\/qualification-692087_1920_a_cr.jpg 1000w, https:\/\/ms-manufacturing-solutions.de\/wp-content\/uploads\/2020\/05\/qualification-692087_1920_a_cr-300x202.jpg 300w, https:\/\/ms-manufacturing-solutions.de\/wp-content\/uploads\/2020\/05\/qualification-692087_1920_a_cr-768x518.jpg 768w\" sizes=\"(max-width: 640px) 100vw, 640px\" \/>\t\t\t\t\t\t\t\t\t\t\t<figcaption class=\"widget-image-caption wp-caption-text\">Qualit\u00e4tsmanagement<\/figcaption>\n\t\t\t\t\t\t\t\t\t\t<\/figure>\n\t\t\t\t\t\t\t\t\t<\/div>\n\t\t\t\t<\/div>\n\t\t\t\t\t<\/div>\n\t\t<\/div>\n\t\t\t\t<div class=\"elementor-column elementor-col-50 elementor-inner-column elementor-element elementor-element-c300e2f\" data-id=\"c300e2f\" data-element_type=\"column\" data-e-type=\"column\">\n\t\t\t<div class=\"elementor-widget-wrap elementor-element-populated\">\n\t\t\t\t\t\t<div class=\"elementor-element elementor-element-3f98841 elementor-widget elementor-widget-text-editor\" data-id=\"3f98841\" data-element_type=\"widget\" data-e-type=\"widget\" data-widget_type=\"text-editor.default\">\n\t\t\t\t<div class=\"elementor-widget-container\">\n\t\t\t\t\t\t\t\t\t<h4>Qualit\u00e4tsmanagement nach IATF 16949 und ISO 9001<\/h4><ul><li style=\"list-style-type: none;\"><ul><li>Implementierung und Pflege eines prozessorientierten Qualit\u00e4tsmanagementsystems<\/li><li>Erstellung der erforderlichen Dokumente zur Zertifizierung<\/li><li>externer Auditor f\u00fcr interne Audits, Kunden- und Lieferantenaudits<\/li><li>Vorbereitung auf Zertifizierungsaudits<\/li><li>Unterst\u00fctzung und Begleitung bei der Zertifizierung<\/li><\/ul><\/li><\/ul>\t\t\t\t\t\t\t\t<\/div>\n\t\t\t\t<\/div>\n\t\t\t\t\t<\/div>\n\t\t<\/div>\n\t\t\t\t\t<\/div>\n\t\t<\/section>\n\t\t\t\t\t<\/div>\n\t\t<\/div>\n\t\t\t\t\t<\/div>\n\t\t<\/section>\n\t\t\t\t<\/div>\n\t\t","protected":false},"excerpt":{"rendered":"<p>Qualit\u00e4tsmanagement Qualit\u00e4tsmanagement nach IATF 16949 und ISO 9001 Implementierung und Pflege eines prozessorientierten Qualit\u00e4tsmanagementsystems Erstellung der erforderlichen Dokumente zur Zertifizierung externer Auditor f\u00fcr interne Audits, Kunden- und Lieferantenaudits Vorbereitung auf Zertifizierungsaudits Unterst\u00fctzung und Begleitung bei der Zertifizierung<\/p>\n","protected":false},"author":1,"featured_media":0,"parent":0,"menu_order":0,"comment_status":"closed","ping_status":"closed","template":"elementor_header_footer","meta":{"footnotes":""},"class_list":["post-104","page","type-page","status-publish","hentry","entry"],"yoast_head":"<!-- This site is optimized with the Yoast SEO plugin v19.10 - https:\/\/yoast.com\/wordpress\/plugins\/seo\/ -->\n<title>Qualit\u00e4tsmanagement -<\/title>\n<meta name=\"robots\" content=\"index, follow, max-snippet:-1, max-image-preview:large, max-video-preview:-1\" \/>\n<link rel=\"canonical\" href=\"https:\/\/ms-manufacturing-solutions.de\/?page_id=104\" \/>\n<meta property=\"og:locale\" content=\"de_DE\" \/>\n<meta property=\"og:type\" content=\"article\" \/>\n<meta property=\"og:title\" content=\"Qualit\u00e4tsmanagement -\" \/>\n<meta property=\"og:description\" content=\"Qualit\u00e4tsmanagement Qualit\u00e4tsmanagement nach IATF 16949 und ISO 9001 Implementierung und Pflege eines prozessorientierten Qualit\u00e4tsmanagementsystems Erstellung der erforderlichen Dokumente zur Zertifizierung externer Auditor f\u00fcr interne Audits, Kunden- und Lieferantenaudits Vorbereitung auf Zertifizierungsaudits Unterst\u00fctzung und Begleitung bei der Zertifizierung\" \/>\n<meta property=\"og:url\" content=\"https:\/\/ms-manufacturing-solutions.de\/?page_id=104\" \/>\n<meta property=\"article:modified_time\" content=\"2020-05-04T06:45:31+00:00\" \/>\n<meta property=\"og:image\" content=\"https:\/\/ms-manufacturing-solutions.de\/wp-content\/uploads\/2020\/05\/qualification-692087_1920_a_cr.jpg\" \/>\n<meta name=\"twitter:card\" content=\"summary_large_image\" \/>\n<script type=\"application\/ld+json\" class=\"yoast-schema-graph\">{\"@context\":\"https:\/\/schema.org\",\"@graph\":[{\"@type\":\"WebPage\",\"@id\":\"https:\/\/ms-manufacturing-solutions.de\/?page_id=104\",\"url\":\"https:\/\/ms-manufacturing-solutions.de\/?page_id=104\",\"name\":\"Qualit\u00e4tsmanagement -\",\"isPartOf\":{\"@id\":\"https:\/\/ms-manufacturing-solutions.de\/#website\"},\"datePublished\":\"2020-05-02T10:10:32+00:00\",\"dateModified\":\"2020-05-04T06:45:31+00:00\",\"breadcrumb\":{\"@id\":\"https:\/\/ms-manufacturing-solutions.de\/?page_id=104#breadcrumb\"},\"inLanguage\":\"de\",\"potentialAction\":[{\"@type\":\"ReadAction\",\"target\":[\"https:\/\/ms-manufacturing-solutions.de\/?page_id=104\"]}]},{\"@type\":\"BreadcrumbList\",\"@id\":\"https:\/\/ms-manufacturing-solutions.de\/?page_id=104#breadcrumb\",\"itemListElement\":[{\"@type\":\"ListItem\",\"position\":1,\"name\":\"Startseite\",\"item\":\"https:\/\/ms-manufacturing-solutions.de\/\"},{\"@type\":\"ListItem\",\"position\":2,\"name\":\"Qualit\u00e4tsmanagement\"}]},{\"@type\":\"WebSite\",\"@id\":\"https:\/\/ms-manufacturing-solutions.de\/#website\",\"url\":\"https:\/\/ms-manufacturing-solutions.de\/\",\"name\":\"\",\"description\":\"\",\"potentialAction\":[{\"@type\":\"SearchAction\",\"target\":{\"@type\":\"EntryPoint\",\"urlTemplate\":\"https:\/\/ms-manufacturing-solutions.de\/?s={search_term_string}\"},\"query-input\":\"required name=search_term_string\"}],\"inLanguage\":\"de\"}]}<\/script>\n<!-- \/ Yoast SEO plugin. -->","yoast_head_json":{"title":"Qualit\u00e4tsmanagement -","robots":{"index":"index","follow":"follow","max-snippet":"max-snippet:-1","max-image-preview":"max-image-preview:large","max-video-preview":"max-video-preview:-1"},"canonical":"https:\/\/ms-manufacturing-solutions.de\/?page_id=104","og_locale":"de_DE","og_type":"article","og_title":"Qualit\u00e4tsmanagement -","og_description":"Qualit\u00e4tsmanagement Qualit\u00e4tsmanagement nach IATF 16949 und ISO 9001 Implementierung und Pflege eines prozessorientierten Qualit\u00e4tsmanagementsystems Erstellung der erforderlichen Dokumente zur Zertifizierung externer Auditor f\u00fcr interne Audits, Kunden- und Lieferantenaudits Vorbereitung auf Zertifizierungsaudits Unterst\u00fctzung und Begleitung bei der Zertifizierung","og_url":"https:\/\/ms-manufacturing-solutions.de\/?page_id=104","article_modified_time":"2020-05-04T06:45:31+00:00","og_image":[{"url":"https:\/\/ms-manufacturing-solutions.de\/wp-content\/uploads\/2020\/05\/qualification-692087_1920_a_cr.jpg"}],"twitter_card":"summary_large_image","schema":{"@context":"https:\/\/schema.org","@graph":[{"@type":"WebPage","@id":"https:\/\/ms-manufacturing-solutions.de\/?page_id=104","url":"https:\/\/ms-manufacturing-solutions.de\/?page_id=104","name":"Qualit\u00e4tsmanagement -","isPartOf":{"@id":"https:\/\/ms-manufacturing-solutions.de\/#website"},"datePublished":"2020-05-02T10:10:32+00:00","dateModified":"2020-05-04T06:45:31+00:00","breadcrumb":{"@id":"https:\/\/ms-manufacturing-solutions.de\/?page_id=104#breadcrumb"},"inLanguage":"de","potentialAction":[{"@type":"ReadAction","target":["https:\/\/ms-manufacturing-solutions.de\/?page_id=104"]}]},{"@type":"BreadcrumbList","@id":"https:\/\/ms-manufacturing-solutions.de\/?page_id=104#breadcrumb","itemListElement":[{"@type":"ListItem","position":1,"name":"Startseite","item":"https:\/\/ms-manufacturing-solutions.de\/"},{"@type":"ListItem","position":2,"name":"Qualit\u00e4tsmanagement"}]},{"@type":"WebSite","@id":"https:\/\/ms-manufacturing-solutions.de\/#website","url":"https:\/\/ms-manufacturing-solutions.de\/","name":"","description":"","potentialAction":[{"@type":"SearchAction","target":{"@type":"EntryPoint","urlTemplate":"https:\/\/ms-manufacturing-solutions.de\/?s={search_term_string}"},"query-input":"required name=search_term_string"}],"inLanguage":"de"}]}},"_links":{"self":[{"href":"https:\/\/ms-manufacturing-solutions.de\/index.php?rest_route=\/wp\/v2\/pages\/104"}],"collection":[{"href":"https:\/\/ms-manufacturing-solutions.de\/index.php?rest_route=\/wp\/v2\/pages"}],"about":[{"href":"https:\/\/ms-manufacturing-solutions.de\/index.php?rest_route=\/wp\/v2\/types\/page"}],"author":[{"embeddable":true,"href":"https:\/\/ms-manufacturing-solutions.de\/index.php?rest_route=\/wp\/v2\/users\/1"}],"replies":[{"embeddable":true,"href":"https:\/\/ms-manufacturing-solutions.de\/index.php?rest_route=%2Fwp%2Fv2%2Fcomments&post=104"}],"version-history":[{"count":11,"href":"https:\/\/ms-manufacturing-solutions.de\/index.php?rest_route=\/wp\/v2\/pages\/104\/revisions"}],"predecessor-version":[{"id":214,"href":"https:\/\/ms-manufacturing-solutions.de\/index.php?rest_route=\/wp\/v2\/pages\/104\/revisions\/214"}],"wp:attachment":[{"href":"https:\/\/ms-manufacturing-solutions.de\/index.php?rest_route=%2Fwp%2Fv2%2Fmedia&parent=104"}],"curies":[{"name":"wp","href":"https:\/\/api.w.org\/{rel}","templated":true}]}}